{"id":7953,"date":"2025-03-05T13:39:22","date_gmt":"2025-03-05T16:39:22","guid":{"rendered":"https:\/\/cbne.cl\/wpCNE\/?page_id=7953"},"modified":"2025-08-21T11:35:19","modified_gmt":"2025-08-21T15:35:19","slug":"funciones-internas","status":"publish","type":"page","link":"https:\/\/cbne.cl\/wpCNE\/funciones-internas\/","title":{"rendered":"FUNCIONES INTERNAS 2025 (S\u00f3lo funcionarios)"},"content":{"rendered":"\n<blockquote class=\"wp-block-quote is-layout-flow wp-block-quote-is-layout-flow\">\n<p>Estimados funcionarios, el acceso a los siguientes m\u00f3dulos es s\u00f3lo para quienes est\u00e9n previamente autorizados. Dudas o consultas con el departamento de inform\u00e1tica.<\/p>\n<\/blockquote>\n\n\n\n<div class=\"wp-block-group has-global-padding is-layout-constrained wp-block-group-is-layout-constrained\"><\/div>\n\n\n\n<div class=\"wp-block-columns is-layout-flex wp-container-core-columns-is-layout-28f84493 wp-block-columns-is-layout-flex\">\n<div class=\"wp-block-column is-layout-flow wp-block-column-is-layout-flow\">\n<figure class=\"wp-block-image size-full\"><a href=\"https:\/\/docs.google.com\/spreadsheets\/d\/12fG_1Pe0MET6ar5mFFBjaZxP1MgrabQsGw36iXjva70\" target=\"_blank\" rel=\" noreferrer noopener\"><img fetchpriority=\"high\" decoding=\"async\" width=\"463\" height=\"123\" src=\"https:\/\/cbne.cl\/wpCNE\/wp-content\/uploads\/2025\/08\/Recurso-16.png\" alt=\"\" class=\"wp-image-8078\" srcset=\"https:\/\/cbne.cl\/wpCNE\/wp-content\/uploads\/2025\/08\/Recurso-16.png 463w, https:\/\/cbne.cl\/wpCNE\/wp-content\/uploads\/2025\/08\/Recurso-16-300x80.png 300w\" sizes=\"(max-width: 463px) 100vw, 463px\" \/><\/a><\/figure>\n<\/div>\n\n\n\n<div class=\"wp-block-column is-layout-flow wp-block-column-is-layout-flow\">\n<figure class=\"wp-block-image size-full\"><a href=\"https:\/\/docs.google.com\/spreadsheets\/d\/1C4naVpUFPnvSC8Y-ubP50CbFhE4enK4ufCvbgkZrOE0\" target=\"_blank\" rel=\" noreferrer noopener\"><img decoding=\"async\" width=\"464\" height=\"123\" src=\"https:\/\/cbne.cl\/wpCNE\/wp-content\/uploads\/2025\/08\/Recurso-17.png\" alt=\"\" class=\"wp-image-8082\" srcset=\"https:\/\/cbne.cl\/wpCNE\/wp-content\/uploads\/2025\/08\/Recurso-17.png 464w, https:\/\/cbne.cl\/wpCNE\/wp-content\/uploads\/2025\/08\/Recurso-17-300x80.png 300w\" sizes=\"(max-width: 464px) 100vw, 464px\" \/><\/a><\/figure>\n<\/div>\n<\/div>\n\n\n\n<div class=\"wp-block-columns is-layout-flex wp-container-core-columns-is-layout-28f84493 wp-block-columns-is-layout-flex\">\n<div class=\"wp-block-column is-layout-flow wp-block-column-is-layout-flow\">\n<figure class=\"wp-block-image size-full\"><a href=\"https:\/\/docs.google.com\/spreadsheets\/d\/1uDnbGdgdhu3BU-kPo8OQyOdx-UMsBYaRD3P5gnqgHuI\" target=\"_blank\" rel=\" noreferrer noopener\"><img decoding=\"async\" width=\"464\" height=\"123\" src=\"https:\/\/cbne.cl\/wpCNE\/wp-content\/uploads\/2025\/08\/Recurso-18.png\" alt=\"\" class=\"wp-image-8085\" srcset=\"https:\/\/cbne.cl\/wpCNE\/wp-content\/uploads\/2025\/08\/Recurso-18.png 464w, https:\/\/cbne.cl\/wpCNE\/wp-content\/uploads\/2025\/08\/Recurso-18-300x80.png 300w\" sizes=\"(max-width: 464px) 100vw, 464px\" \/><\/a><\/figure>\n<\/div>\n\n\n\n<div class=\"wp-block-column is-layout-flow wp-block-column-is-layout-flow\">\n<figure class=\"wp-block-image size-full\"><a href=\"https:\/\/docs.google.com\/spreadsheets\/d\/1d0-kEtGTDyZdnfX2wAj9-vMf7IZ0QCL4Y4IuRQVOYVA\" target=\"_blank\" rel=\" noreferrer noopener\"><img loading=\"lazy\" decoding=\"async\" width=\"464\" height=\"124\" src=\"https:\/\/cbne.cl\/wpCNE\/wp-content\/uploads\/2025\/08\/Recurso-21.png\" alt=\"\" class=\"wp-image-8084\" srcset=\"https:\/\/cbne.cl\/wpCNE\/wp-content\/uploads\/2025\/08\/Recurso-21.png 464w, https:\/\/cbne.cl\/wpCNE\/wp-content\/uploads\/2025\/08\/Recurso-21-300x80.png 300w\" sizes=\"(max-width: 464px) 100vw, 464px\" \/><\/a><\/figure>\n<\/div>\n<\/div>\n\n\n\n<div class=\"wp-block-columns is-layout-flex wp-container-core-columns-is-layout-28f84493 wp-block-columns-is-layout-flex\">\n<div class=\"wp-block-column is-layout-flow wp-block-column-is-layout-flow\">\n<figure class=\"wp-block-image size-full\"><a href=\"https:\/\/docs.google.com\/spreadsheets\/d\/1gBQhEns57V-LYNX8dW1daNuggBJxZ_Nwg1uCnja3p5A\" target=\"_blank\" rel=\" noreferrer noopener\"><img loading=\"lazy\" decoding=\"async\" width=\"463\" height=\"124\" src=\"https:\/\/cbne.cl\/wpCNE\/wp-content\/uploads\/2025\/08\/Recurso-19.png\" alt=\"\" class=\"wp-image-8088\" srcset=\"https:\/\/cbne.cl\/wpCNE\/wp-content\/uploads\/2025\/08\/Recurso-19.png 463w, https:\/\/cbne.cl\/wpCNE\/wp-content\/uploads\/2025\/08\/Recurso-19-300x80.png 300w\" sizes=\"(max-width: 463px) 100vw, 463px\" \/><\/a><\/figure>\n<\/div>\n\n\n\n<div class=\"wp-block-column is-layout-flow wp-block-column-is-layout-flow\">\n<figure class=\"wp-block-image size-full\"><a href=\"https:\/\/docs.google.com\/spreadsheets\/d\/1VErJmnwtwhblHnjCXR0uuZHTJMzvVasyxm2v9uA927Y\" target=\"_blank\" rel=\" noreferrer noopener\"><img loading=\"lazy\" decoding=\"async\" width=\"464\" height=\"124\" src=\"https:\/\/cbne.cl\/wpCNE\/wp-content\/uploads\/2025\/08\/Recurso-20.png\" alt=\"\" class=\"wp-image-8086\" srcset=\"https:\/\/cbne.cl\/wpCNE\/wp-content\/uploads\/2025\/08\/Recurso-20.png 464w, https:\/\/cbne.cl\/wpCNE\/wp-content\/uploads\/2025\/08\/Recurso-20-300x80.png 300w\" sizes=\"(max-width: 464px) 100vw, 464px\" \/><\/a><\/figure>\n<\/div>\n<\/div>\n\n\n\n<div class=\"wp-block-columns is-layout-flex wp-container-core-columns-is-layout-28f84493 wp-block-columns-is-layout-flex\">\n<div class=\"wp-block-column is-layout-flow wp-block-column-is-layout-flow\">\n<figure class=\"wp-block-image size-full\"><a href=\"https:\/\/docs.google.com\/spreadsheets\/d\/1pj9B4nN_0Xp3_dDev2MNQRkf57oCIgFoq0qdtNYICeA\" target=\"_blank\" rel=\" noreferrer noopener\"><img loading=\"lazy\" decoding=\"async\" width=\"463\" height=\"123\" src=\"https:\/\/cbne.cl\/wpCNE\/wp-content\/uploads\/2025\/08\/Recurso-23.png\" alt=\"\" class=\"wp-image-8090\" srcset=\"https:\/\/cbne.cl\/wpCNE\/wp-content\/uploads\/2025\/08\/Recurso-23.png 463w, https:\/\/cbne.cl\/wpCNE\/wp-content\/uploads\/2025\/08\/Recurso-23-300x80.png 300w\" sizes=\"(max-width: 463px) 100vw, 463px\" \/><\/a><\/figure>\n<\/div>\n\n\n\n<div class=\"wp-block-column is-layout-flow wp-block-column-is-layout-flow\">\n<figure class=\"wp-block-image size-full\"><a href=\"https:\/\/docs.google.com\/spreadsheets\/d\/1s6OuKMOCFyQxGxXJxlLL-XCnc2D5-sqs8ZzTOOsPT48\" target=\"_blank\" rel=\" noreferrer noopener\"><img loading=\"lazy\" decoding=\"async\" width=\"464\" height=\"123\" src=\"https:\/\/cbne.cl\/wpCNE\/wp-content\/uploads\/2025\/08\/Recurso-25.png\" alt=\"\" class=\"wp-image-8092\" srcset=\"https:\/\/cbne.cl\/wpCNE\/wp-content\/uploads\/2025\/08\/Recurso-25.png 464w, https:\/\/cbne.cl\/wpCNE\/wp-content\/uploads\/2025\/08\/Recurso-25-300x80.png 300w\" sizes=\"(max-width: 464px) 100vw, 464px\" \/><\/a><\/figure>\n<\/div>\n<\/div>\n\n\n\n<div class=\"wp-block-columns is-layout-flex wp-container-core-columns-is-layout-28f84493 wp-block-columns-is-layout-flex\">\n<div class=\"wp-block-column is-layout-flow wp-block-column-is-layout-flow\">\n<figure class=\"wp-block-image size-full\"><a href=\"https:\/\/docs.google.com\/spreadsheets\/d\/1IFyE10pAD1sytF5veH4197ImsTejWuBPmZ-Xykoz6pE\" target=\"_blank\" rel=\" noreferrer noopener\"><img loading=\"lazy\" decoding=\"async\" width=\"464\" height=\"123\" src=\"https:\/\/cbne.cl\/wpCNE\/wp-content\/uploads\/2025\/08\/Recurso-24.png\" alt=\"\" class=\"wp-image-8091\" srcset=\"https:\/\/cbne.cl\/wpCNE\/wp-content\/uploads\/2025\/08\/Recurso-24.png 464w, https:\/\/cbne.cl\/wpCNE\/wp-content\/uploads\/2025\/08\/Recurso-24-300x80.png 300w\" sizes=\"(max-width: 464px) 100vw, 464px\" \/><\/a><\/figure>\n<\/div>\n\n\n\n<div class=\"wp-block-column is-layout-flow wp-block-column-is-layout-flow\">\n<figure class=\"wp-block-image aligncenter size-full\"><a href=\"https:\/\/cbne.cl\/wpCNE\/competencias-actitudinales\/\"><img loading=\"lazy\" decoding=\"async\" width=\"463\" height=\"123\" src=\"https:\/\/cbne.cl\/wpCNE\/wp-content\/uploads\/2025\/08\/Recurso-22.png\" alt=\"\" class=\"wp-image-8089\" srcset=\"https:\/\/cbne.cl\/wpCNE\/wp-content\/uploads\/2025\/08\/Recurso-22.png 463w, https:\/\/cbne.cl\/wpCNE\/wp-content\/uploads\/2025\/08\/Recurso-22-300x80.png 300w\" sizes=\"(max-width: 463px) 100vw, 463px\" \/><\/a><\/figure>\n<\/div>\n<\/div>\n\n\n\n<div class=\"wp-block-columns is-layout-flex wp-container-core-columns-is-layout-28f84493 wp-block-columns-is-layout-flex\">\n<div class=\"wp-block-column is-layout-flow wp-block-column-is-layout-flow\">\n<figure class=\"wp-block-image size-full\"><a href=\"https:\/\/docs.google.com\/spreadsheets\/d\/15WFcjZBsljGRxK-AfN1wki5zyM4WIOAN5hBm5VKACy0\" target=\"_blank\" rel=\" noreferrer noopener\"><img loading=\"lazy\" decoding=\"async\" width=\"463\" height=\"123\" src=\"https:\/\/cbne.cl\/wpCNE\/wp-content\/uploads\/2025\/08\/Recurso-27.png\" alt=\"\" class=\"wp-image-8107\" srcset=\"https:\/\/cbne.cl\/wpCNE\/wp-content\/uploads\/2025\/08\/Recurso-27.png 463w, https:\/\/cbne.cl\/wpCNE\/wp-content\/uploads\/2025\/08\/Recurso-27-300x80.png 300w\" sizes=\"(max-width: 463px) 100vw, 463px\" \/><\/a><\/figure>\n<\/div>\n\n\n\n<div class=\"wp-block-column is-layout-flow wp-block-column-is-layout-flow\">\n<figure class=\"wp-block-image size-full\"><a href=\"https:\/\/goo.su\/xncTdaO\" target=\"_blank\" rel=\" noreferrer noopener\"><img loading=\"lazy\" decoding=\"async\" width=\"463\" height=\"123\" src=\"https:\/\/cbne.cl\/wpCNE\/wp-content\/uploads\/2025\/08\/Recurso-28.png\" alt=\"\" class=\"wp-image-8106\" srcset=\"https:\/\/cbne.cl\/wpCNE\/wp-content\/uploads\/2025\/08\/Recurso-28.png 463w, https:\/\/cbne.cl\/wpCNE\/wp-content\/uploads\/2025\/08\/Recurso-28-300x80.png 300w\" sizes=\"(max-width: 463px) 100vw, 463px\" \/><\/a><\/figure>\n<\/div>\n<\/div>\n\n\n\n<p><\/p>\n","protected":false},"excerpt":{"rendered":"<p>Estimados funcionarios, el acceso a los siguientes m\u00f3dulos es s\u00f3lo para quienes est\u00e9n previamente autorizados. Dudas o consultas<\/p>\n","protected":false},"author":1,"featured_media":0,"parent":0,"menu_order":0,"comment_status":"closed","ping_status":"closed","template":"","meta":{"footnotes":""},"class_list":["post-7953","page","type-page","status-publish","hentry"],"yoast_head":"<!-- This site is optimized with the Yoast SEO plugin v27.5 - https:\/\/yoast.com\/product\/yoast-seo-wordpress\/ -->\n<title>FUNCIONES INTERNAS 2025 (S\u00f3lo funcionarios) - COLEGIO BICENTENARIO NUEVA ESPERANZA<\/title>\n<meta name=\"robots\" content=\"index, follow, max-snippet:-1, max-image-preview:large, max-video-preview:-1\" \/>\n<link rel=\"canonical\" href=\"https:\/\/cbne.cl\/wpCNE\/funciones-internas\/\" \/>\n<meta property=\"og:locale\" content=\"es_ES\" \/>\n<meta property=\"og:type\" content=\"article\" \/>\n<meta property=\"og:title\" content=\"FUNCIONES INTERNAS 2025 (S\u00f3lo funcionarios) - COLEGIO BICENTENARIO NUEVA ESPERANZA\" \/>\n<meta property=\"og:description\" content=\"Estimados funcionarios, el acceso a los siguientes m\u00f3dulos es s\u00f3lo para quienes est\u00e9n previamente autorizados. Dudas o consultas\" \/>\n<meta property=\"og:url\" content=\"https:\/\/cbne.cl\/wpCNE\/funciones-internas\/\" \/>\n<meta property=\"og:site_name\" content=\"COLEGIO BICENTENARIO NUEVA ESPERANZA\" \/>\n<meta property=\"article:modified_time\" content=\"2025-08-21T15:35:19+00:00\" \/>\n<meta property=\"og:image\" content=\"https:\/\/cbne.cl\/wpCNE\/wp-content\/uploads\/2025\/08\/Recurso-16.png\" \/>\n\t<meta property=\"og:image:width\" content=\"463\" \/>\n\t<meta property=\"og:image:height\" content=\"123\" \/>\n\t<meta property=\"og:image:type\" content=\"image\/png\" \/>\n<meta name=\"twitter:card\" content=\"summary_large_image\" \/>\n<meta name=\"twitter:label1\" content=\"Tiempo de lectura\" \/>\n\t<meta name=\"twitter:data1\" content=\"3 minutos\" \/>\n<script type=\"application\/ld+json\" class=\"yoast-schema-graph\">{\"@context\":\"https:\\\/\\\/schema.org\",\"@graph\":[{\"@type\":\"WebPage\",\"@id\":\"https:\\\/\\\/cbne.cl\\\/wpCNE\\\/funciones-internas\\\/\",\"url\":\"https:\\\/\\\/cbne.cl\\\/wpCNE\\\/funciones-internas\\\/\",\"name\":\"FUNCIONES INTERNAS 2025 (S\u00f3lo funcionarios) - COLEGIO BICENTENARIO NUEVA ESPERANZA\",\"isPartOf\":{\"@id\":\"https:\\\/\\\/cbne.cl\\\/wpCNE\\\/#website\"},\"primaryImageOfPage\":{\"@id\":\"https:\\\/\\\/cbne.cl\\\/wpCNE\\\/funciones-internas\\\/#primaryimage\"},\"image\":{\"@id\":\"https:\\\/\\\/cbne.cl\\\/wpCNE\\\/funciones-internas\\\/#primaryimage\"},\"thumbnailUrl\":\"https:\\\/\\\/cbne.cl\\\/wpCNE\\\/wp-content\\\/uploads\\\/2025\\\/08\\\/Recurso-16.png\",\"datePublished\":\"2025-03-05T16:39:22+00:00\",\"dateModified\":\"2025-08-21T15:35:19+00:00\",\"breadcrumb\":{\"@id\":\"https:\\\/\\\/cbne.cl\\\/wpCNE\\\/funciones-internas\\\/#breadcrumb\"},\"inLanguage\":\"es\",\"potentialAction\":[{\"@type\":\"ReadAction\",\"target\":[\"https:\\\/\\\/cbne.cl\\\/wpCNE\\\/funciones-internas\\\/\"]}]},{\"@type\":\"ImageObject\",\"inLanguage\":\"es\",\"@id\":\"https:\\\/\\\/cbne.cl\\\/wpCNE\\\/funciones-internas\\\/#primaryimage\",\"url\":\"https:\\\/\\\/cbne.cl\\\/wpCNE\\\/wp-content\\\/uploads\\\/2025\\\/08\\\/Recurso-16.png\",\"contentUrl\":\"https:\\\/\\\/cbne.cl\\\/wpCNE\\\/wp-content\\\/uploads\\\/2025\\\/08\\\/Recurso-16.png\",\"width\":463,\"height\":123},{\"@type\":\"BreadcrumbList\",\"@id\":\"https:\\\/\\\/cbne.cl\\\/wpCNE\\\/funciones-internas\\\/#breadcrumb\",\"itemListElement\":[{\"@type\":\"ListItem\",\"position\":1,\"name\":\"Portada\",\"item\":\"https:\\\/\\\/cbne.cl\\\/wpCNE\\\/\"},{\"@type\":\"ListItem\",\"position\":2,\"name\":\"FUNCIONES INTERNAS 2025 (S\u00f3lo funcionarios)\"}]},{\"@type\":\"WebSite\",\"@id\":\"https:\\\/\\\/cbne.cl\\\/wpCNE\\\/#website\",\"url\":\"https:\\\/\\\/cbne.cl\\\/wpCNE\\\/\",\"name\":\"COLEGIO BICENTENARIO NUEVA ESPERANZA\",\"description\":\"&quot;Educando desde la afectividad&quot;\",\"publisher\":{\"@id\":\"https:\\\/\\\/cbne.cl\\\/wpCNE\\\/#organization\"},\"potentialAction\":[{\"@type\":\"SearchAction\",\"target\":{\"@type\":\"EntryPoint\",\"urlTemplate\":\"https:\\\/\\\/cbne.cl\\\/wpCNE\\\/?s={search_term_string}\"},\"query-input\":{\"@type\":\"PropertyValueSpecification\",\"valueRequired\":true,\"valueName\":\"search_term_string\"}}],\"inLanguage\":\"es\"},{\"@type\":\"Organization\",\"@id\":\"https:\\\/\\\/cbne.cl\\\/wpCNE\\\/#organization\",\"name\":\"COLEGIO BICENTENARIO NUEVA ESPERANZA\",\"url\":\"https:\\\/\\\/cbne.cl\\\/wpCNE\\\/\",\"logo\":{\"@type\":\"ImageObject\",\"inLanguage\":\"es\",\"@id\":\"https:\\\/\\\/cbne.cl\\\/wpCNE\\\/#\\\/schema\\\/logo\\\/image\\\/\",\"url\":\"https:\\\/\\\/cbne.cl\\\/wpCNE\\\/wp-content\\\/uploads\\\/2020\\\/07\\\/cropped-cropped-web150x150.png\",\"contentUrl\":\"https:\\\/\\\/cbne.cl\\\/wpCNE\\\/wp-content\\\/uploads\\\/2020\\\/07\\\/cropped-cropped-web150x150.png\",\"width\":150,\"height\":150,\"caption\":\"COLEGIO BICENTENARIO NUEVA ESPERANZA\"},\"image\":{\"@id\":\"https:\\\/\\\/cbne.cl\\\/wpCNE\\\/#\\\/schema\\\/logo\\\/image\\\/\"}}]}<\/script>\n<!-- \/ Yoast SEO plugin. -->","yoast_head_json":{"title":"FUNCIONES INTERNAS 2025 (S\u00f3lo funcionarios) - COLEGIO BICENTENARIO NUEVA ESPERANZA","robots":{"index":"index","follow":"follow","max-snippet":"max-snippet:-1","max-image-preview":"max-image-preview:large","max-video-preview":"max-video-preview:-1"},"canonical":"https:\/\/cbne.cl\/wpCNE\/funciones-internas\/","og_locale":"es_ES","og_type":"article","og_title":"FUNCIONES INTERNAS 2025 (S\u00f3lo funcionarios) - COLEGIO BICENTENARIO NUEVA ESPERANZA","og_description":"Estimados funcionarios, el acceso a los siguientes m\u00f3dulos es s\u00f3lo para quienes est\u00e9n previamente autorizados. Dudas o consultas","og_url":"https:\/\/cbne.cl\/wpCNE\/funciones-internas\/","og_site_name":"COLEGIO BICENTENARIO NUEVA ESPERANZA","article_modified_time":"2025-08-21T15:35:19+00:00","og_image":[{"width":463,"height":123,"url":"https:\/\/cbne.cl\/wpCNE\/wp-content\/uploads\/2025\/08\/Recurso-16.png","type":"image\/png"}],"twitter_card":"summary_large_image","twitter_misc":{"Tiempo de lectura":"3 minutos"},"schema":{"@context":"https:\/\/schema.org","@graph":[{"@type":"WebPage","@id":"https:\/\/cbne.cl\/wpCNE\/funciones-internas\/","url":"https:\/\/cbne.cl\/wpCNE\/funciones-internas\/","name":"FUNCIONES INTERNAS 2025 (S\u00f3lo funcionarios) - COLEGIO BICENTENARIO NUEVA ESPERANZA","isPartOf":{"@id":"https:\/\/cbne.cl\/wpCNE\/#website"},"primaryImageOfPage":{"@id":"https:\/\/cbne.cl\/wpCNE\/funciones-internas\/#primaryimage"},"image":{"@id":"https:\/\/cbne.cl\/wpCNE\/funciones-internas\/#primaryimage"},"thumbnailUrl":"https:\/\/cbne.cl\/wpCNE\/wp-content\/uploads\/2025\/08\/Recurso-16.png","datePublished":"2025-03-05T16:39:22+00:00","dateModified":"2025-08-21T15:35:19+00:00","breadcrumb":{"@id":"https:\/\/cbne.cl\/wpCNE\/funciones-internas\/#breadcrumb"},"inLanguage":"es","potentialAction":[{"@type":"ReadAction","target":["https:\/\/cbne.cl\/wpCNE\/funciones-internas\/"]}]},{"@type":"ImageObject","inLanguage":"es","@id":"https:\/\/cbne.cl\/wpCNE\/funciones-internas\/#primaryimage","url":"https:\/\/cbne.cl\/wpCNE\/wp-content\/uploads\/2025\/08\/Recurso-16.png","contentUrl":"https:\/\/cbne.cl\/wpCNE\/wp-content\/uploads\/2025\/08\/Recurso-16.png","width":463,"height":123},{"@type":"BreadcrumbList","@id":"https:\/\/cbne.cl\/wpCNE\/funciones-internas\/#breadcrumb","itemListElement":[{"@type":"ListItem","position":1,"name":"Portada","item":"https:\/\/cbne.cl\/wpCNE\/"},{"@type":"ListItem","position":2,"name":"FUNCIONES INTERNAS 2025 (S\u00f3lo funcionarios)"}]},{"@type":"WebSite","@id":"https:\/\/cbne.cl\/wpCNE\/#website","url":"https:\/\/cbne.cl\/wpCNE\/","name":"COLEGIO BICENTENARIO NUEVA ESPERANZA","description":"&quot;Educando desde la afectividad&quot;","publisher":{"@id":"https:\/\/cbne.cl\/wpCNE\/#organization"},"potentialAction":[{"@type":"SearchAction","target":{"@type":"EntryPoint","urlTemplate":"https:\/\/cbne.cl\/wpCNE\/?s={search_term_string}"},"query-input":{"@type":"PropertyValueSpecification","valueRequired":true,"valueName":"search_term_string"}}],"inLanguage":"es"},{"@type":"Organization","@id":"https:\/\/cbne.cl\/wpCNE\/#organization","name":"COLEGIO BICENTENARIO NUEVA ESPERANZA","url":"https:\/\/cbne.cl\/wpCNE\/","logo":{"@type":"ImageObject","inLanguage":"es","@id":"https:\/\/cbne.cl\/wpCNE\/#\/schema\/logo\/image\/","url":"https:\/\/cbne.cl\/wpCNE\/wp-content\/uploads\/2020\/07\/cropped-cropped-web150x150.png","contentUrl":"https:\/\/cbne.cl\/wpCNE\/wp-content\/uploads\/2020\/07\/cropped-cropped-web150x150.png","width":150,"height":150,"caption":"COLEGIO BICENTENARIO NUEVA ESPERANZA"},"image":{"@id":"https:\/\/cbne.cl\/wpCNE\/#\/schema\/logo\/image\/"}}]}},"_links":{"self":[{"href":"https:\/\/cbne.cl\/wpCNE\/wp-json\/wp\/v2\/pages\/7953","targetHints":{"allow":["GET"]}}],"collection":[{"href":"https:\/\/cbne.cl\/wpCNE\/wp-json\/wp\/v2\/pages"}],"about":[{"href":"https:\/\/cbne.cl\/wpCNE\/wp-json\/wp\/v2\/types\/page"}],"author":[{"embeddable":true,"href":"https:\/\/cbne.cl\/wpCNE\/wp-json\/wp\/v2\/users\/1"}],"replies":[{"embeddable":true,"href":"https:\/\/cbne.cl\/wpCNE\/wp-json\/wp\/v2\/comments?post=7953"}],"version-history":[{"count":30,"href":"https:\/\/cbne.cl\/wpCNE\/wp-json\/wp\/v2\/pages\/7953\/revisions"}],"predecessor-version":[{"id":8188,"href":"https:\/\/cbne.cl\/wpCNE\/wp-json\/wp\/v2\/pages\/7953\/revisions\/8188"}],"wp:attachment":[{"href":"https:\/\/cbne.cl\/wpCNE\/wp-json\/wp\/v2\/media?parent=7953"}],"curies":[{"name":"wp","href":"https:\/\/api.w.org\/{rel}","templated":true}]}}