{"id":4849,"date":"2020-07-13T09:57:15","date_gmt":"2020-07-13T13:57:15","guid":{"rendered":"https:\/\/colegionuevaesperanza.cl\/wpCNE\/?page_id=4849"},"modified":"2024-10-03T15:43:08","modified_gmt":"2024-10-03T18:43:08","slug":"directivos","status":"publish","type":"page","link":"https:\/\/cbne.cl\/wpCNE\/directivos\/","title":{"rendered":"DIRECTIVOS"},"content":{"rendered":"\n<figure class=\"wp-block-image size-large is-resized\"><img fetchpriority=\"high\" decoding=\"async\" width=\"1024\" height=\"754\" src=\"https:\/\/cbne.cl\/wpCNE\/wp-content\/uploads\/2024\/10\/IMG_0014-scaled-e1727980850393-1024x754.jpg\" alt=\"\" class=\"wp-image-7627\" style=\"width:740px;height:auto\" srcset=\"https:\/\/cbne.cl\/wpCNE\/wp-content\/uploads\/2024\/10\/IMG_0014-scaled-e1727980850393-1024x754.jpg 1024w, https:\/\/cbne.cl\/wpCNE\/wp-content\/uploads\/2024\/10\/IMG_0014-scaled-e1727980850393-300x221.jpg 300w, https:\/\/cbne.cl\/wpCNE\/wp-content\/uploads\/2024\/10\/IMG_0014-scaled-e1727980850393-768x566.jpg 768w, https:\/\/cbne.cl\/wpCNE\/wp-content\/uploads\/2024\/10\/IMG_0014-scaled-e1727980850393-1536x1131.jpg 1536w, https:\/\/cbne.cl\/wpCNE\/wp-content\/uploads\/2024\/10\/IMG_0014-scaled-e1727980850393.jpg 1928w\" sizes=\"(max-width: 1024px) 100vw, 1024px\" \/><\/figure>\n\n\n\n<p><em>De izquierda a derecha: Karina Rivera y Elisa Pereira (Encargadas convivencia), Marta V\u00e1squez (UTP B\u00e1sica), Manuel Herrera (Director), Ang\u00e9lica Pardo (Inspectora General), Gonzalo Aedo (Sostenedor), Mar\u00eda Jos\u00e9 Guerra (Coordinadora PIE), Sara Rebolledo (UTP Media) y Bernardita Illanes (UTP Preb\u00e1sica).<\/em><\/p>\n\n\n\n<p><\/p>\n","protected":false},"excerpt":{"rendered":"<p>De izquierda a derecha: Karina Rivera y Elisa Pereira (Encargadas convivencia), Marta V\u00e1squez (UTP B\u00e1sica), Manuel Herrera (Director),<\/p>\n","protected":false},"author":1,"featured_media":0,"parent":0,"menu_order":0,"comment_status":"closed","ping_status":"closed","template":"","meta":{"footnotes":""},"class_list":["post-4849","page","type-page","status-publish","hentry"],"yoast_head":"<!-- This site is optimized with the Yoast SEO plugin v27.4 - https:\/\/yoast.com\/product\/yoast-seo-wordpress\/ -->\n<title>DIRECTIVOS - COLEGIO BICENTENARIO NUEVA ESPERANZA<\/title>\n<meta name=\"robots\" content=\"index, follow, max-snippet:-1, max-image-preview:large, max-video-preview:-1\" \/>\n<link rel=\"canonical\" href=\"https:\/\/cbne.cl\/wpCNE\/directivos\/\" \/>\n<meta property=\"og:locale\" content=\"es_ES\" \/>\n<meta property=\"og:type\" content=\"article\" \/>\n<meta property=\"og:title\" content=\"DIRECTIVOS - COLEGIO BICENTENARIO NUEVA ESPERANZA\" \/>\n<meta property=\"og:description\" content=\"De izquierda a derecha: Karina Rivera y Elisa Pereira (Encargadas convivencia), Marta V\u00e1squez (UTP B\u00e1sica), Manuel Herrera (Director),\" \/>\n<meta property=\"og:url\" content=\"https:\/\/cbne.cl\/wpCNE\/directivos\/\" \/>\n<meta property=\"og:site_name\" content=\"COLEGIO BICENTENARIO NUEVA ESPERANZA\" \/>\n<meta property=\"article:modified_time\" content=\"2024-10-03T18:43:08+00:00\" \/>\n<meta property=\"og:image\" content=\"https:\/\/cbne.cl\/wpCNE\/wp-content\/uploads\/2024\/10\/IMG_0014-scaled-e1727980850393-1024x754.jpg\" \/>\n<meta name=\"twitter:card\" content=\"summary_large_image\" \/>\n<meta name=\"twitter:label1\" content=\"Tiempo de lectura\" \/>\n\t<meta name=\"twitter:data1\" content=\"1 minuto\" \/>\n<script type=\"application\/ld+json\" class=\"yoast-schema-graph\">{\"@context\":\"https:\\\/\\\/schema.org\",\"@graph\":[{\"@type\":\"WebPage\",\"@id\":\"https:\\\/\\\/cbne.cl\\\/wpCNE\\\/directivos\\\/\",\"url\":\"https:\\\/\\\/cbne.cl\\\/wpCNE\\\/directivos\\\/\",\"name\":\"DIRECTIVOS - COLEGIO BICENTENARIO NUEVA ESPERANZA\",\"isPartOf\":{\"@id\":\"https:\\\/\\\/cbne.cl\\\/wpCNE\\\/#website\"},\"primaryImageOfPage\":{\"@id\":\"https:\\\/\\\/cbne.cl\\\/wpCNE\\\/directivos\\\/#primaryimage\"},\"image\":{\"@id\":\"https:\\\/\\\/cbne.cl\\\/wpCNE\\\/directivos\\\/#primaryimage\"},\"thumbnailUrl\":\"https:\\\/\\\/cbne.cl\\\/wpCNE\\\/wp-content\\\/uploads\\\/2024\\\/10\\\/IMG_0014-scaled-e1727980850393-1024x754.jpg\",\"datePublished\":\"2020-07-13T13:57:15+00:00\",\"dateModified\":\"2024-10-03T18:43:08+00:00\",\"breadcrumb\":{\"@id\":\"https:\\\/\\\/cbne.cl\\\/wpCNE\\\/directivos\\\/#breadcrumb\"},\"inLanguage\":\"es\",\"potentialAction\":[{\"@type\":\"ReadAction\",\"target\":[\"https:\\\/\\\/cbne.cl\\\/wpCNE\\\/directivos\\\/\"]}]},{\"@type\":\"ImageObject\",\"inLanguage\":\"es\",\"@id\":\"https:\\\/\\\/cbne.cl\\\/wpCNE\\\/directivos\\\/#primaryimage\",\"url\":\"https:\\\/\\\/cbne.cl\\\/wpCNE\\\/wp-content\\\/uploads\\\/2024\\\/10\\\/IMG_0014-scaled-e1727980850393.jpg\",\"contentUrl\":\"https:\\\/\\\/cbne.cl\\\/wpCNE\\\/wp-content\\\/uploads\\\/2024\\\/10\\\/IMG_0014-scaled-e1727980850393.jpg\",\"width\":1928,\"height\":1420},{\"@type\":\"BreadcrumbList\",\"@id\":\"https:\\\/\\\/cbne.cl\\\/wpCNE\\\/directivos\\\/#breadcrumb\",\"itemListElement\":[{\"@type\":\"ListItem\",\"position\":1,\"name\":\"Portada\",\"item\":\"https:\\\/\\\/cbne.cl\\\/wpCNE\\\/\"},{\"@type\":\"ListItem\",\"position\":2,\"name\":\"DIRECTIVOS\"}]},{\"@type\":\"WebSite\",\"@id\":\"https:\\\/\\\/cbne.cl\\\/wpCNE\\\/#website\",\"url\":\"https:\\\/\\\/cbne.cl\\\/wpCNE\\\/\",\"name\":\"COLEGIO BICENTENARIO NUEVA ESPERANZA\",\"description\":\"&quot;Educando desde la afectividad&quot;\",\"publisher\":{\"@id\":\"https:\\\/\\\/cbne.cl\\\/wpCNE\\\/#organization\"},\"potentialAction\":[{\"@type\":\"SearchAction\",\"target\":{\"@type\":\"EntryPoint\",\"urlTemplate\":\"https:\\\/\\\/cbne.cl\\\/wpCNE\\\/?s={search_term_string}\"},\"query-input\":{\"@type\":\"PropertyValueSpecification\",\"valueRequired\":true,\"valueName\":\"search_term_string\"}}],\"inLanguage\":\"es\"},{\"@type\":\"Organization\",\"@id\":\"https:\\\/\\\/cbne.cl\\\/wpCNE\\\/#organization\",\"name\":\"COLEGIO BICENTENARIO NUEVA ESPERANZA\",\"url\":\"https:\\\/\\\/cbne.cl\\\/wpCNE\\\/\",\"logo\":{\"@type\":\"ImageObject\",\"inLanguage\":\"es\",\"@id\":\"https:\\\/\\\/cbne.cl\\\/wpCNE\\\/#\\\/schema\\\/logo\\\/image\\\/\",\"url\":\"https:\\\/\\\/cbne.cl\\\/wpCNE\\\/wp-content\\\/uploads\\\/2020\\\/07\\\/cropped-cropped-web150x150.png\",\"contentUrl\":\"https:\\\/\\\/cbne.cl\\\/wpCNE\\\/wp-content\\\/uploads\\\/2020\\\/07\\\/cropped-cropped-web150x150.png\",\"width\":150,\"height\":150,\"caption\":\"COLEGIO BICENTENARIO NUEVA ESPERANZA\"},\"image\":{\"@id\":\"https:\\\/\\\/cbne.cl\\\/wpCNE\\\/#\\\/schema\\\/logo\\\/image\\\/\"}}]}<\/script>\n<!-- \/ Yoast SEO plugin. -->","yoast_head_json":{"title":"DIRECTIVOS - COLEGIO BICENTENARIO NUEVA ESPERANZA","robots":{"index":"index","follow":"follow","max-snippet":"max-snippet:-1","max-image-preview":"max-image-preview:large","max-video-preview":"max-video-preview:-1"},"canonical":"https:\/\/cbne.cl\/wpCNE\/directivos\/","og_locale":"es_ES","og_type":"article","og_title":"DIRECTIVOS - COLEGIO BICENTENARIO NUEVA ESPERANZA","og_description":"De izquierda a derecha: Karina Rivera y Elisa Pereira (Encargadas convivencia), Marta V\u00e1squez (UTP B\u00e1sica), Manuel Herrera (Director),","og_url":"https:\/\/cbne.cl\/wpCNE\/directivos\/","og_site_name":"COLEGIO BICENTENARIO NUEVA ESPERANZA","article_modified_time":"2024-10-03T18:43:08+00:00","og_image":[{"url":"https:\/\/cbne.cl\/wpCNE\/wp-content\/uploads\/2024\/10\/IMG_0014-scaled-e1727980850393-1024x754.jpg","type":"","width":"","height":""}],"twitter_card":"summary_large_image","twitter_misc":{"Tiempo de lectura":"1 minuto"},"schema":{"@context":"https:\/\/schema.org","@graph":[{"@type":"WebPage","@id":"https:\/\/cbne.cl\/wpCNE\/directivos\/","url":"https:\/\/cbne.cl\/wpCNE\/directivos\/","name":"DIRECTIVOS - COLEGIO BICENTENARIO NUEVA ESPERANZA","isPartOf":{"@id":"https:\/\/cbne.cl\/wpCNE\/#website"},"primaryImageOfPage":{"@id":"https:\/\/cbne.cl\/wpCNE\/directivos\/#primaryimage"},"image":{"@id":"https:\/\/cbne.cl\/wpCNE\/directivos\/#primaryimage"},"thumbnailUrl":"https:\/\/cbne.cl\/wpCNE\/wp-content\/uploads\/2024\/10\/IMG_0014-scaled-e1727980850393-1024x754.jpg","datePublished":"2020-07-13T13:57:15+00:00","dateModified":"2024-10-03T18:43:08+00:00","breadcrumb":{"@id":"https:\/\/cbne.cl\/wpCNE\/directivos\/#breadcrumb"},"inLanguage":"es","potentialAction":[{"@type":"ReadAction","target":["https:\/\/cbne.cl\/wpCNE\/directivos\/"]}]},{"@type":"ImageObject","inLanguage":"es","@id":"https:\/\/cbne.cl\/wpCNE\/directivos\/#primaryimage","url":"https:\/\/cbne.cl\/wpCNE\/wp-content\/uploads\/2024\/10\/IMG_0014-scaled-e1727980850393.jpg","contentUrl":"https:\/\/cbne.cl\/wpCNE\/wp-content\/uploads\/2024\/10\/IMG_0014-scaled-e1727980850393.jpg","width":1928,"height":1420},{"@type":"BreadcrumbList","@id":"https:\/\/cbne.cl\/wpCNE\/directivos\/#breadcrumb","itemListElement":[{"@type":"ListItem","position":1,"name":"Portada","item":"https:\/\/cbne.cl\/wpCNE\/"},{"@type":"ListItem","position":2,"name":"DIRECTIVOS"}]},{"@type":"WebSite","@id":"https:\/\/cbne.cl\/wpCNE\/#website","url":"https:\/\/cbne.cl\/wpCNE\/","name":"COLEGIO BICENTENARIO NUEVA ESPERANZA","description":"&quot;Educando desde la afectividad&quot;","publisher":{"@id":"https:\/\/cbne.cl\/wpCNE\/#organization"},"potentialAction":[{"@type":"SearchAction","target":{"@type":"EntryPoint","urlTemplate":"https:\/\/cbne.cl\/wpCNE\/?s={search_term_string}"},"query-input":{"@type":"PropertyValueSpecification","valueRequired":true,"valueName":"search_term_string"}}],"inLanguage":"es"},{"@type":"Organization","@id":"https:\/\/cbne.cl\/wpCNE\/#organization","name":"COLEGIO BICENTENARIO NUEVA ESPERANZA","url":"https:\/\/cbne.cl\/wpCNE\/","logo":{"@type":"ImageObject","inLanguage":"es","@id":"https:\/\/cbne.cl\/wpCNE\/#\/schema\/logo\/image\/","url":"https:\/\/cbne.cl\/wpCNE\/wp-content\/uploads\/2020\/07\/cropped-cropped-web150x150.png","contentUrl":"https:\/\/cbne.cl\/wpCNE\/wp-content\/uploads\/2020\/07\/cropped-cropped-web150x150.png","width":150,"height":150,"caption":"COLEGIO BICENTENARIO NUEVA ESPERANZA"},"image":{"@id":"https:\/\/cbne.cl\/wpCNE\/#\/schema\/logo\/image\/"}}]}},"_links":{"self":[{"href":"https:\/\/cbne.cl\/wpCNE\/wp-json\/wp\/v2\/pages\/4849","targetHints":{"allow":["GET"]}}],"collection":[{"href":"https:\/\/cbne.cl\/wpCNE\/wp-json\/wp\/v2\/pages"}],"about":[{"href":"https:\/\/cbne.cl\/wpCNE\/wp-json\/wp\/v2\/types\/page"}],"author":[{"embeddable":true,"href":"https:\/\/cbne.cl\/wpCNE\/wp-json\/wp\/v2\/users\/1"}],"replies":[{"embeddable":true,"href":"https:\/\/cbne.cl\/wpCNE\/wp-json\/wp\/v2\/comments?post=4849"}],"version-history":[{"count":11,"href":"https:\/\/cbne.cl\/wpCNE\/wp-json\/wp\/v2\/pages\/4849\/revisions"}],"predecessor-version":[{"id":7628,"href":"https:\/\/cbne.cl\/wpCNE\/wp-json\/wp\/v2\/pages\/4849\/revisions\/7628"}],"wp:attachment":[{"href":"https:\/\/cbne.cl\/wpCNE\/wp-json\/wp\/v2\/media?parent=4849"}],"curies":[{"name":"wp","href":"https:\/\/api.w.org\/{rel}","templated":true}]}}